{"id":230,"date":"2017-08-16T10:53:18","date_gmt":"2017-08-16T13:53:18","guid":{"rendered":"http:\/\/slimsulate.oficinadossites.com.br\/our-staff\/"},"modified":"2024-01-26T10:19:28","modified_gmt":"2024-01-26T13:19:28","slug":"aplicacoes","status":"publish","type":"page","link":"https:\/\/reach-hpm.com\/en\/aplicacoes\/","title":{"rendered":"Applications"},"content":{"rendered":"<div data-elementor-type=\"wp-post\" data-elementor-id=\"230\" class=\"elementor elementor-230\" data-elementor-post-type=\"page\">\n\t\t\t\t\t\t<section class=\"elementor-section elementor-top-section elementor-element elementor-element-35aa1fb3 elementor-section-boxed elementor-section-height-default elementor-section-height-default\" data-id=\"35aa1fb3\" data-element_type=\"section\">\n\t\t\t\t\t\t<div class=\"elementor-container elementor-column-gap-default\">\n\t\t\t\t\t<div class=\"elementor-column elementor-col-100 elementor-top-column elementor-element elementor-element-55bad28\" data-id=\"55bad28\" data-element_type=\"column\">\n\t\t\t<div class=\"elementor-widget-wrap elementor-element-populated\">\n\t\t\t\t\t\t<div class=\"elementor-element elementor-element-23b8a249 elementor-widget elementor-widget-text-editor\" data-id=\"23b8a249\" data-element_type=\"widget\" data-widget_type=\"text-editor.default\">\n\t\t\t\t<div class=\"elementor-widget-container\">\n\t\t\t\t\t\t\t<h1>APPLICATIONS<\/h1>\nWe work to ensure total satisfaction to our customers by guaranteeing high quality standards and meeting deadlines.\n\n<a role=\"button\" href=\"#aplicacoes\">\nCHECK OUR APPLICATIONS\n<\/a>\n<h2>Our Applications<\/h2>\n<img fetchpriority=\"high\" decoding=\"async\" src=\"https:\/\/reach-hpm.com\/wp-content\/uploads\/2020\/09\/aplicacoes.jpeg\" sizes=\"(max-width: 934px) 100vw, 934px\" srcset=\"https:\/\/reach-hpm.com\/wp-content\/uploads\/2020\/09\/aplicacoes.jpeg 934w, https:\/\/reach-hpm.com\/wp-content\/uploads\/2020\/09\/aplicacoes-300x166.jpeg 300w, https:\/\/reach-hpm.com\/wp-content\/uploads\/2020\/09\/aplicacoes-768x426.jpeg 768w\" alt=\"\" width=\"934\" height=\"518\" \/>\n<table style=\"border: 2px solid #3B90C7 !important;\">\n<tbody>\n<tr>\n<td style=\"text-align: center;\" colspan=\"4\" bgcolor=\" #3B90C7\">Linha de Produtos &#8211; SlimSulate<\/td>\n<\/tr>\n<tr>\n<td>(1) Pillar Insulator<\/td>\n<td>(2) Interior trim isulator<\/td>\n<td>(3) Carpet insulator<\/td>\n<td>(4) Package tray insulator<\/td>\n<\/tr>\n<tr>\n<td>(5) Trunk carpet insulator<\/td>\n<td>(6) Rear inner fender insulator<\/td>\n<td>(7) Floor insulator<\/td>\n<td>(8) Door trim insulator<\/td>\n<\/tr>\n<tr>\n<td>(9) Center console insulator<\/td>\n<td>(10) Feder liner insulator<\/td>\n<td>(11) Hood insulator<\/td>\n<td>(12) Instrument panel insulator<\/td>\n<\/tr>\n<\/tbody>\n<\/table>\n<h2>Needing Our Services?<\/h2>\nGet in touch with our team right now and request a quote! We are waiting for you!\n\n<a role=\"button\" href=\"https:\/\/reach-hpm.com\/en\/contato\/\">\nCONTACT\n<\/a>\t\t\t\t\t\t<\/div>\n\t\t\t\t<\/div>\n\t\t\t\t\t<\/div>\n\t\t<\/div>\n\t\t\t\t\t<\/div>\n\t\t<\/section>\n\t\t\t\t<\/div>","protected":false},"excerpt":{"rendered":"<p>APLICA\u00c7\u00d5ES Trabalhamos para assegurar total satisfa\u00e7\u00e3o aos nossos clientes por meio da garantia de alto padr\u00e3o de qualidade e atendimento aos prazos. confira nossas aplica\u00e7\u00f5es Nossas Aplica\u00e7\u00f5es Linha de Produtos &#8211; SlimSulate (1) Isolador da coluna (2) Isolador da coluna (3) Isolador do tapete (4) Isolador da bandeja do pacote (5) Isolador do porta malas [&hellip;]<\/p>","protected":false},"author":1,"featured_media":0,"parent":0,"menu_order":0,"comment_status":"closed","ping_status":"closed","template":"","meta":{"inline_featured_image":false,"site-sidebar-layout":"no-sidebar","site-content-layout":"page-builder","ast-site-content-layout":"","site-content-style":"default","site-sidebar-style":"default","ast-global-header-display":"","ast-banner-title-visibility":"","ast-main-header-display":"","ast-hfb-above-header-display":"","ast-hfb-below-header-display":"","ast-hfb-mobile-header-display":"","site-post-title":"disabled","ast-breadcrumbs-content":"","ast-featured-img":"disabled","footer-sml-layout":"","theme-transparent-header-meta":"enabled","adv-header-id-meta":null,"stick-header-meta":null,"header-above-stick-meta":null,"header-main-stick-meta":null,"header-below-stick-meta":null,"astra-migrate-meta-layouts":"default","ast-page-background-enabled":"default","ast-page-background-meta":{"desktop":{"background-color":"","background-image":"","background-repeat":"repeat","background-position":"center center","background-size":"auto","background-attachment":"scroll","background-type":"","background-media":"","overlay-type":"","overlay-color":"","overlay-gradient":""},"tablet":{"background-color":"","background-image":"","background-repeat":"repeat","background-position":"center center","background-size":"auto","background-attachment":"scroll","background-type":"","background-media":"","overlay-type":"","overlay-color":"","overlay-gradient":""},"mobile":{"background-color":"","background-image":"","background-repeat":"repeat","background-position":"center center","background-size":"auto","background-attachment":"scroll","background-type":"","background-media":"","overlay-type":"","overlay-color":"","overlay-gradient":""}},"ast-content-background-meta":{"desktop":{"background-color":"var(--ast-global-color-5)","background-image":"","background-repeat":"repeat","background-position":"center center","background-size":"auto","background-attachment":"scroll","background-type":"","background-media":"","overlay-type":"","overlay-color":"","overlay-gradient":""},"tablet":{"background-color":"var(--ast-global-color-5)","background-image":"","background-repeat":"repeat","background-position":"center center","background-size":"auto","background-attachment":"scroll","background-type":"","background-media":"","overlay-type":"","overlay-color":"","overlay-gradient":""},"mobile":{"background-color":"var(--ast-global-color-5)","background-image":"","background-repeat":"repeat","background-position":"center center","background-size":"auto","background-attachment":"scroll","background-type":"","background-media":"","overlay-type":"","overlay-color":"","overlay-gradient":""}},"footnotes":"","_joinchat":[]},"_links":{"self":[{"href":"https:\/\/reach-hpm.com\/en\/wp-json\/wp\/v2\/pages\/230"}],"collection":[{"href":"https:\/\/reach-hpm.com\/en\/wp-json\/wp\/v2\/pages"}],"about":[{"href":"https:\/\/reach-hpm.com\/en\/wp-json\/wp\/v2\/types\/page"}],"author":[{"embeddable":true,"href":"https:\/\/reach-hpm.com\/en\/wp-json\/wp\/v2\/users\/1"}],"replies":[{"embeddable":true,"href":"https:\/\/reach-hpm.com\/en\/wp-json\/wp\/v2\/comments?post=230"}],"version-history":[{"count":22,"href":"https:\/\/reach-hpm.com\/en\/wp-json\/wp\/v2\/pages\/230\/revisions"}],"predecessor-version":[{"id":2135,"href":"https:\/\/reach-hpm.com\/en\/wp-json\/wp\/v2\/pages\/230\/revisions\/2135"}],"wp:attachment":[{"href":"https:\/\/reach-hpm.com\/en\/wp-json\/wp\/v2\/media?parent=230"}],"curies":[{"name":"wp","href":"https:\/\/api.w.org\/{rel}","templated":true}]}}